{"id":103,"date":"2022-06-24T08:42:34","date_gmt":"2022-06-24T08:42:34","guid":{"rendered":"https:\/\/www.conosurexclusivas.com\/?page_id=103"},"modified":"2022-07-12T10:46:20","modified_gmt":"2022-07-12T10:46:20","slug":"politica-de-privacidad","status":"publish","type":"page","link":"https:\/\/www.conosurexclusivas.com\/index.php\/politica-de-privacidad\/","title":{"rendered":"Pol\u00edtica de privacidad"},"content":{"rendered":"\n<h2><strong>1.&nbsp;&nbsp;<\/strong><strong>INFORMACI\u00d3N&nbsp;AL&nbsp;USUARIO<\/strong><\/h2>\n\n\n\n<h3>\u00bfQui\u00e9n&nbsp;es&nbsp;el&nbsp;responsable&nbsp;del&nbsp;tratamiento&nbsp;de&nbsp;tus&nbsp;datos&nbsp;personales?<\/h3>\n\n\n\n<p class=\"has-text-align-justify\"><strong>CONO SUR EXCLUSIVAS S.L.&nbsp;<\/strong>es el RESPONSABLE del tratamiento de los datos personales del USUARIO y le&nbsp;informa de que estos datos ser\u00e1n tratados de conformidad con lo dispuesto en el Reglamento (UE) 2016\/679, de 27 de&nbsp;abril&nbsp;(GDPR), y la&nbsp;Ley&nbsp;Org\u00e1nica 3\/2018,&nbsp;de&nbsp;5&nbsp;de&nbsp;diciembre&nbsp;(LOPDGDD).<\/p>\n\n\n\n<h3>\u00bfPara qu\u00e9 tratamos tus datos personales?<\/h3>\n\n\n\n<p>Para&nbsp;mantener&nbsp;una&nbsp;relaci\u00f3n&nbsp;comercial&nbsp;con&nbsp;el&nbsp;usuario.&nbsp;Las&nbsp;operaciones&nbsp;previstas&nbsp;para&nbsp;realizar&nbsp;el&nbsp;tratamiento&nbsp;son:<\/p>\n\n\n\n<p class=\"has-text-align-justify\">Remisi\u00f3n&nbsp;de&nbsp;comunicaciones&nbsp;comerciales&nbsp;publicitarias&nbsp;por&nbsp;e-mail,&nbsp;fax,&nbsp;SMS,&nbsp;MMS,&nbsp;redes&nbsp;sociales&nbsp;o&nbsp;cualquier&nbsp;otro medio electr\u00f3nico o f\u00edsico, presente o futuro, que posibilite realizar comunicaciones comerciales. Estas&nbsp;comunicaciones ser\u00e1n realizadas por el RESPONSABLE y estar\u00e1n relacionadas con sus productos y servicios, o&nbsp;de sus colaboradores o proveedores, con los que este haya alcanzado alg\u00fan acuerdo de promoci\u00f3n. En este&nbsp;caso,&nbsp;los&nbsp;terceros nunca&nbsp;tendr\u00e1n acceso&nbsp;a&nbsp;los datos&nbsp;personales.<\/p>\n\n\n\n<p>Realizar&nbsp;estudios&nbsp;de&nbsp;mercado&nbsp;y&nbsp;an\u00e1lisis&nbsp;estad\u00edsticos.<\/p>\n\n\n\n<p class=\"has-text-align-justify\">Tramitar encargos, solicitudes, dar respuesta a las consultas o cualquier tipo de petici\u00f3n que sea realizada por el&nbsp;USUARIO a trav\u00e9s de cualquiera de las formas de contacto que se ponen a su disposici\u00f3n en la p\u00e1gina web del&nbsp;RESPONSABLE.<\/p>\n\n\n\n<p>Remitir&nbsp;el&nbsp;bolet\u00edn&nbsp;informativo&nbsp;online,&nbsp;sobre&nbsp;novedades,&nbsp;ofertas&nbsp;y&nbsp;promociones&nbsp;en&nbsp;nuestra&nbsp;actividad<strong>.<\/strong><strong>&nbsp;<\/strong><\/p>\n\n\n\n<h3>\u00bfPor&nbsp;qu\u00e9&nbsp;motivo&nbsp;podemos&nbsp;tratar&nbsp;tus datos&nbsp;personales?<\/h3>\n\n\n\n<p>Porque&nbsp;el&nbsp;tratamiento&nbsp;est\u00e1&nbsp;legitimado&nbsp;por&nbsp;el&nbsp;art\u00edculo&nbsp;6&nbsp;del&nbsp;GDPR&nbsp;de&nbsp;la&nbsp;siguiente&nbsp;forma:<\/p>\n\n\n\n<p>1. Con&nbsp;el&nbsp;consentimiento&nbsp;del&nbsp;USUARIO:&nbsp;remisi\u00f3n&nbsp;de&nbsp;comunicaciones&nbsp;comerciales&nbsp;y&nbsp;del&nbsp;bolet\u00edn&nbsp;informativo<\/p>\n\n\n\n<p class=\"has-text-align-justify\">2. Por&nbsp;inter\u00e9s&nbsp;leg\u00edtimo&nbsp;del&nbsp;RESPONSABLE:&nbsp;realizar&nbsp;estudios&nbsp;de&nbsp;mercado,&nbsp;an\u00e1lisis&nbsp;estad\u00edsticos,&nbsp;etc.&nbsp;y&nbsp;tramitar&nbsp;encargos,&nbsp;solicitudes, etc.&nbsp;a&nbsp;petici\u00f3n&nbsp;del USUARIO.<\/p>\n\n\n\n<h3>\u00bfDurante&nbsp;cu\u00e1nto&nbsp;tiempo&nbsp;guardaremos tus&nbsp;datos&nbsp;personales?<\/h3>\n\n\n\n<p>Se conservar\u00e1n durante no m\u00e1s tiempo del necesario para mantener el fin del tratamiento o existan prescripciones&nbsp;legales que dictaminen su custodia y cuando ya no sea necesario para ello, se suprimir\u00e1n con medidas de seguridad&nbsp;adecuadas&nbsp;para&nbsp;garantizar&nbsp;la&nbsp;anonimizaci\u00f3n&nbsp;de&nbsp;los&nbsp;datos&nbsp;o&nbsp;la&nbsp;destrucci\u00f3n&nbsp;total de&nbsp;los&nbsp;mismos.<\/p>\n\n\n\n<h3>\u00bfA qui\u00e9n facilitamos tus datos personales?<\/h3>\n\n\n\n<p class=\"has-text-align-justify\">No est\u00e1 prevista ninguna comunicaci\u00f3n de datos personales a terceros salvo, si fuese necesario para el desarrollo y&nbsp;ejecuci\u00f3n de las finalidades del tratamiento, a nuestros proveedores de servicios relacionados con comunicaciones, con&nbsp;los cuales el RESPONSABLE tiene suscritos los contratos de confidencialidad y de encargado de tratamiento exigidos&nbsp;por&nbsp;la&nbsp;normativa&nbsp;vigente de&nbsp;privacidad.<\/p>\n\n\n\n<h3>\u00bfCu\u00e1les&nbsp;son&nbsp;tus&nbsp;derechos?<\/h3>\n\n\n\n<p>Los&nbsp;derechos&nbsp;que&nbsp;asisten&nbsp;al&nbsp;USUARIO&nbsp;son:<\/p>\n\n\n\n<p>Derecho&nbsp;a&nbsp;retirar&nbsp;el&nbsp;consentimiento&nbsp;en&nbsp;cualquier&nbsp;momento.<\/p>\n\n\n\n<p>Derecho&nbsp;de&nbsp;acceso,&nbsp;rectificaci\u00f3n,&nbsp;portabilidad&nbsp;y&nbsp;supresi\u00f3n&nbsp;de&nbsp;sus&nbsp;datos,&nbsp;y&nbsp;de&nbsp;limitaci\u00f3n&nbsp;u&nbsp;oposici\u00f3n&nbsp;a&nbsp;su&nbsp;tratamiento.<\/p>\n\n\n\n<p class=\"has-text-align-justify\">Derecho&nbsp;a&nbsp;presentar&nbsp;una&nbsp;reclamaci\u00f3n&nbsp;ante&nbsp;la&nbsp;autoridad&nbsp;de&nbsp;control&nbsp;(www.aepd.es)&nbsp;si&nbsp;considera&nbsp;que&nbsp;el&nbsp;tratamiento&nbsp;no&nbsp;se ajusta&nbsp;a&nbsp;la&nbsp;normativa&nbsp;vigente.<\/p>\n\n\n\n<p><strong>Datos&nbsp;de&nbsp;contacto&nbsp;para&nbsp;ejercer&nbsp;sus&nbsp;derechos<\/strong>:<\/p>\n\n\n\n<p>CONO SUR EXCLUSIVAS S.L.&nbsp;&nbsp;ORO,&nbsp;&nbsp;46&nbsp;&nbsp;&#8211;&nbsp;47012&nbsp;&nbsp;VALLADOLID&nbsp;&nbsp;(Valladolid).&nbsp;&nbsp;<\/p>\n\n\n\n<p>E-mail:service<a href=\"mailto:daniel@conosurexclusivas.com\">@conosurexclusivas.com<\/a><\/p>\n\n\n\n<h3>2.&nbsp;&nbsp;CAR\u00c1CTER&nbsp;OBLIGATORIO&nbsp;O&nbsp;FACULTATIVO&nbsp;DE&nbsp;LA&nbsp;INFORMACI\u00d3N&nbsp;FACILITADA&nbsp;POR&nbsp;EL&nbsp;USUARIO<\/h3>\n\n\n\n<p class=\"has-text-align-justify\">Los USUARIOS, mediante la marcaci\u00f3n de las casillas correspondientes y la entrada de datos en los campos, marcados&nbsp;con un asterisco (*) en el formulario de contacto o presentados en formularios de descarga, aceptan expresamente y de&nbsp;forma libre e inequ\u00edvoca, que sus datos son necesarios para atender su petici\u00f3n, por parte del prestador, siendo&nbsp;voluntaria la inclusi\u00f3n de datos en los campos restantes. El USUARIO garantiza que los datos personales facilitados al&nbsp; RESPONSABLE&nbsp;son veraces&nbsp;y se&nbsp;hace&nbsp;responsable&nbsp;de&nbsp;comunicar&nbsp;cualquier modificaci\u00f3n de&nbsp;los&nbsp;mismos.<\/p>\n\n\n\n<p class=\"has-text-align-justify\">El RESPONSABLE informa de que todos los datos solicitados a trav\u00e9s del sitio web son obligatorios, ya que son&nbsp;necesarios para la prestaci\u00f3n de un servicio \u00f3ptimo al USUARIO. En caso de que no se faciliten todos los datos, no se&nbsp;garantiza&nbsp;que&nbsp;la&nbsp;informaci\u00f3n&nbsp;y&nbsp;servicios facilitados&nbsp;sean&nbsp;completamente&nbsp;ajustados a&nbsp;sus necesidades. <\/p>\n\n\n\n<h3>3.&nbsp;&nbsp;MEDIDAS&nbsp;DE&nbsp;SEGURIDAD<\/h3>\n\n\n\n<p class=\"has-text-align-justify\">Que de conformidad con lo dispuesto en las normativas vigentes en protecci\u00f3n de datos personales, el RESPONSABLE&nbsp;est\u00e1 cumpliendo con todas las disposiciones de las normativas GDPR y LOPDGDD para el tratamiento de los datos&nbsp;personales de su responsabilidad, y manifiestamente con los principios descritos en el art\u00edculo 5 del GDPR, por los&nbsp;cuales son tratados de manera l\u00edcita, leal y transparente en relaci\u00f3n con el interesado y adecuados, pertinentes y&nbsp;limitados a&nbsp;lo necesario&nbsp;en&nbsp;relaci\u00f3n con&nbsp;los&nbsp;fines para&nbsp;los&nbsp;que&nbsp;son tratados.<\/p>\n\n\n\n<p class=\"has-text-align-justify\">El&nbsp;RESPONSABLE&nbsp;garantiza&nbsp;que&nbsp;ha&nbsp;implementado&nbsp;pol\u00edticas&nbsp;t\u00e9cnicas&nbsp;y&nbsp;organizativas&nbsp;apropiadas&nbsp;para&nbsp;aplicar&nbsp;las&nbsp;medidas de seguridad que establecen el GDPR y la LOPDGDD con el fin de proteger los derechos y libertades de los&nbsp;USUARIOS&nbsp;y&nbsp;les&nbsp;ha&nbsp;comunicado&nbsp;la&nbsp;informaci\u00f3n&nbsp;adecuada&nbsp;para&nbsp;que&nbsp;puedan&nbsp;ejercerlos.<\/p>\n\n\n\n<p class=\"has-text-align-justify\">Para&nbsp;m\u00e1s&nbsp;informaci\u00f3n&nbsp;sobre&nbsp;las&nbsp;garant\u00edas&nbsp;de&nbsp;privacidad,&nbsp;puedes&nbsp;dirigirte&nbsp;al&nbsp;RESPONSABLE&nbsp;a&nbsp;trav\u00e9s&nbsp;de&nbsp;EMPRENDIMIENTOS&nbsp;URBANOS&nbsp;S.L..&nbsp;ORO,&nbsp;46&nbsp;&#8211;&nbsp;47012 VALLADOLID&nbsp;(Valladolid).&nbsp;E-mail: service@conosurexclusivas.com<\/p>\n","protected":false},"excerpt":{"rendered":"<p>1.&nbsp;&nbsp;INFORMACI\u00d3N&nbsp;AL&nbsp;USUARIO \u00bfQui\u00e9n&nbsp;es&nbsp;el&nbsp;responsable&nbsp;del&nbsp;tratamiento&nbsp;de&nbsp;tus&nbsp;datos&nbsp;personales? CONO SUR EXCLUSIVAS S.L.&nbsp;es el RESPONSABLE del tratamiento de los datos personales del USUARIO y le&nbsp;informa de que estos datos ser\u00e1n tratados de conformidad con lo dispuesto en el Reglamento (UE) 2016\/679, de 27 de&nbsp;abril&nbsp;(GDPR), y la&nbsp;Ley&nbsp;Org\u00e1nica 3\/2018,&nbsp;de&nbsp;5&nbsp;de&nbsp;diciembre&nbsp;(LOPDGDD). \u00bfPara qu\u00e9 tratamos tus datos personales? Para&nbsp;mantener&nbsp;una&nbsp;relaci\u00f3n&nbsp;comercial&nbsp;con&nbsp;el&nbsp;usuario.&nbsp;Las&nbsp;operaciones&nbsp;previstas&nbsp;para&nbsp;realizar&nbsp;el&nbsp;tratamiento&nbsp;son: Remisi\u00f3n&nbsp;de&nbsp;comunicaciones&nbsp;comerciales&nbsp;publicitarias&nbsp;por&nbsp;e-mail,&nbsp;fax,&nbsp;SMS,&nbsp;MMS,&nbsp;redes&nbsp;sociales&nbsp;o&nbsp;cualquier&nbsp;otro medio electr\u00f3nico o f\u00edsico, presente o futuro,&#8230;<\/p>\n","protected":false},"author":1,"featured_media":0,"parent":0,"menu_order":0,"comment_status":"closed","ping_status":"closed","template":"","meta":{"_editorskit_title_hidden":false,"_editorskit_reading_time":0,"_editorskit_is_block_options_detached":false,"_editorskit_block_options_position":"{}","_kad_post_transparent":"","_kad_post_title":"","_kad_post_layout":"","_kad_post_sidebar_id":"","_kad_post_content_style":"","_kad_post_vertical_padding":"","_kad_post_feature":"","_kad_post_feature_position":"","_kad_post_header":false,"_kad_post_footer":false},"yoast_head":"<!-- This site is optimized with the Yoast SEO plugin v19.7.1 - https:\/\/yoast.com\/wordpress\/plugins\/seo\/ -->\n<title>Pol\u00edtica de privacidad - CONO SUR EXCLUSIVAS<\/title>\n<meta name=\"robots\" content=\"index, follow, max-snippet:-1, max-image-preview:large, max-video-preview:-1\" \/>\n<link rel=\"canonical\" href=\"https:\/\/www.conosurexclusivas.com\/index.php\/politica-de-privacidad\/\" \/>\n<meta property=\"og:locale\" content=\"es_ES\" \/>\n<meta property=\"og:type\" content=\"article\" \/>\n<meta property=\"og:title\" content=\"Pol\u00edtica de privacidad - CONO SUR EXCLUSIVAS\" \/>\n<meta property=\"og:description\" content=\"1.&nbsp;&nbsp;INFORMACI\u00d3N&nbsp;AL&nbsp;USUARIO \u00bfQui\u00e9n&nbsp;es&nbsp;el&nbsp;responsable&nbsp;del&nbsp;tratamiento&nbsp;de&nbsp;tus&nbsp;datos&nbsp;personales? CONO SUR EXCLUSIVAS S.L.&nbsp;es el RESPONSABLE del tratamiento de los datos personales del USUARIO y le&nbsp;informa de que estos datos ser\u00e1n tratados de conformidad con lo dispuesto en el Reglamento (UE) 2016\/679, de 27 de&nbsp;abril&nbsp;(GDPR), y la&nbsp;Ley&nbsp;Org\u00e1nica 3\/2018,&nbsp;de&nbsp;5&nbsp;de&nbsp;diciembre&nbsp;(LOPDGDD). \u00bfPara qu\u00e9 tratamos tus datos personales? Para&nbsp;mantener&nbsp;una&nbsp;relaci\u00f3n&nbsp;comercial&nbsp;con&nbsp;el&nbsp;usuario.&nbsp;Las&nbsp;operaciones&nbsp;previstas&nbsp;para&nbsp;realizar&nbsp;el&nbsp;tratamiento&nbsp;son: Remisi\u00f3n&nbsp;de&nbsp;comunicaciones&nbsp;comerciales&nbsp;publicitarias&nbsp;por&nbsp;e-mail,&nbsp;fax,&nbsp;SMS,&nbsp;MMS,&nbsp;redes&nbsp;sociales&nbsp;o&nbsp;cualquier&nbsp;otro medio electr\u00f3nico o f\u00edsico, presente o futuro,...\" \/>\n<meta property=\"og:url\" content=\"https:\/\/www.conosurexclusivas.com\/index.php\/politica-de-privacidad\/\" \/>\n<meta property=\"og:site_name\" content=\"CONO SUR EXCLUSIVAS\" \/>\n<meta property=\"article:modified_time\" content=\"2022-07-12T10:46:20+00:00\" \/>\n<meta name=\"twitter:card\" content=\"summary_large_image\" \/>\n<meta name=\"twitter:label1\" content=\"Tiempo de lectura\" \/>\n\t<meta name=\"twitter:data1\" content=\"4 minutos\" \/>\n<script type=\"application\/ld+json\" class=\"yoast-schema-graph\">{\"@context\":\"https:\/\/schema.org\",\"@graph\":[{\"@type\":\"WebPage\",\"@id\":\"https:\/\/www.conosurexclusivas.com\/index.php\/politica-de-privacidad\/\",\"url\":\"https:\/\/www.conosurexclusivas.com\/index.php\/politica-de-privacidad\/\",\"name\":\"Pol\u00edtica de privacidad - CONO SUR EXCLUSIVAS\",\"isPartOf\":{\"@id\":\"https:\/\/www.conosurexclusivas.com\/#website\"},\"datePublished\":\"2022-06-24T08:42:34+00:00\",\"dateModified\":\"2022-07-12T10:46:20+00:00\",\"breadcrumb\":{\"@id\":\"https:\/\/www.conosurexclusivas.com\/index.php\/politica-de-privacidad\/#breadcrumb\"},\"inLanguage\":\"es\",\"potentialAction\":[{\"@type\":\"ReadAction\",\"target\":[\"https:\/\/www.conosurexclusivas.com\/index.php\/politica-de-privacidad\/\"]}]},{\"@type\":\"BreadcrumbList\",\"@id\":\"https:\/\/www.conosurexclusivas.com\/index.php\/politica-de-privacidad\/#breadcrumb\",\"itemListElement\":[{\"@type\":\"ListItem\",\"position\":1,\"name\":\"Home\",\"item\":\"https:\/\/www.conosurexclusivas.com\/\"},{\"@type\":\"ListItem\",\"position\":2,\"name\":\"Pol\u00edtica de privacidad\"}]},{\"@type\":\"WebSite\",\"@id\":\"https:\/\/www.conosurexclusivas.com\/#website\",\"url\":\"https:\/\/www.conosurexclusivas.com\/\",\"name\":\"CONO SUR EXCLUSIVAS\",\"description\":\"Empresa creada en 2005 con el af\u00e1n de dar un servicio preferente a nuestros clientes, fabricando productos exclusivos y de alta calidad a unos precios asequibles.\",\"publisher\":{\"@id\":\"https:\/\/www.conosurexclusivas.com\/#organization\"},\"potentialAction\":[{\"@type\":\"SearchAction\",\"target\":{\"@type\":\"EntryPoint\",\"urlTemplate\":\"https:\/\/www.conosurexclusivas.com\/?s={search_term_string}\"},\"query-input\":\"required name=search_term_string\"}],\"inLanguage\":\"es\"},{\"@type\":\"Organization\",\"@id\":\"https:\/\/www.conosurexclusivas.com\/#organization\",\"name\":\"CONO SUR EXCLUSIVAS\",\"url\":\"https:\/\/www.conosurexclusivas.com\/\",\"sameAs\":[],\"logo\":{\"@type\":\"ImageObject\",\"inLanguage\":\"es\",\"@id\":\"https:\/\/www.conosurexclusivas.com\/#\/schema\/logo\/image\/\",\"url\":\"https:\/\/www.conosurexclusivas.com\/wp-content\/uploads\/2022\/06\/cropped-logo.png\",\"contentUrl\":\"https:\/\/www.conosurexclusivas.com\/wp-content\/uploads\/2022\/06\/cropped-logo.png\",\"width\":623,\"height\":175,\"caption\":\"CONO SUR EXCLUSIVAS\"},\"image\":{\"@id\":\"https:\/\/www.conosurexclusivas.com\/#\/schema\/logo\/image\/\"}}]}<\/script>\n<!-- \/ Yoast SEO plugin. -->","yoast_head_json":{"title":"Pol\u00edtica de privacidad - CONO SUR EXCLUSIVAS","robots":{"index":"index","follow":"follow","max-snippet":"max-snippet:-1","max-image-preview":"max-image-preview:large","max-video-preview":"max-video-preview:-1"},"canonical":"https:\/\/www.conosurexclusivas.com\/index.php\/politica-de-privacidad\/","og_locale":"es_ES","og_type":"article","og_title":"Pol\u00edtica de privacidad - CONO SUR EXCLUSIVAS","og_description":"1.&nbsp;&nbsp;INFORMACI\u00d3N&nbsp;AL&nbsp;USUARIO \u00bfQui\u00e9n&nbsp;es&nbsp;el&nbsp;responsable&nbsp;del&nbsp;tratamiento&nbsp;de&nbsp;tus&nbsp;datos&nbsp;personales? CONO SUR EXCLUSIVAS S.L.&nbsp;es el RESPONSABLE del tratamiento de los datos personales del USUARIO y le&nbsp;informa de que estos datos ser\u00e1n tratados de conformidad con lo dispuesto en el Reglamento (UE) 2016\/679, de 27 de&nbsp;abril&nbsp;(GDPR), y la&nbsp;Ley&nbsp;Org\u00e1nica 3\/2018,&nbsp;de&nbsp;5&nbsp;de&nbsp;diciembre&nbsp;(LOPDGDD). \u00bfPara qu\u00e9 tratamos tus datos personales? Para&nbsp;mantener&nbsp;una&nbsp;relaci\u00f3n&nbsp;comercial&nbsp;con&nbsp;el&nbsp;usuario.&nbsp;Las&nbsp;operaciones&nbsp;previstas&nbsp;para&nbsp;realizar&nbsp;el&nbsp;tratamiento&nbsp;son: Remisi\u00f3n&nbsp;de&nbsp;comunicaciones&nbsp;comerciales&nbsp;publicitarias&nbsp;por&nbsp;e-mail,&nbsp;fax,&nbsp;SMS,&nbsp;MMS,&nbsp;redes&nbsp;sociales&nbsp;o&nbsp;cualquier&nbsp;otro medio electr\u00f3nico o f\u00edsico, presente o futuro,...","og_url":"https:\/\/www.conosurexclusivas.com\/index.php\/politica-de-privacidad\/","og_site_name":"CONO SUR EXCLUSIVAS","article_modified_time":"2022-07-12T10:46:20+00:00","twitter_card":"summary_large_image","twitter_misc":{"Tiempo de lectura":"4 minutos"},"schema":{"@context":"https:\/\/schema.org","@graph":[{"@type":"WebPage","@id":"https:\/\/www.conosurexclusivas.com\/index.php\/politica-de-privacidad\/","url":"https:\/\/www.conosurexclusivas.com\/index.php\/politica-de-privacidad\/","name":"Pol\u00edtica de privacidad - CONO SUR EXCLUSIVAS","isPartOf":{"@id":"https:\/\/www.conosurexclusivas.com\/#website"},"datePublished":"2022-06-24T08:42:34+00:00","dateModified":"2022-07-12T10:46:20+00:00","breadcrumb":{"@id":"https:\/\/www.conosurexclusivas.com\/index.php\/politica-de-privacidad\/#breadcrumb"},"inLanguage":"es","potentialAction":[{"@type":"ReadAction","target":["https:\/\/www.conosurexclusivas.com\/index.php\/politica-de-privacidad\/"]}]},{"@type":"BreadcrumbList","@id":"https:\/\/www.conosurexclusivas.com\/index.php\/politica-de-privacidad\/#breadcrumb","itemListElement":[{"@type":"ListItem","position":1,"name":"Home","item":"https:\/\/www.conosurexclusivas.com\/"},{"@type":"ListItem","position":2,"name":"Pol\u00edtica de privacidad"}]},{"@type":"WebSite","@id":"https:\/\/www.conosurexclusivas.com\/#website","url":"https:\/\/www.conosurexclusivas.com\/","name":"CONO SUR EXCLUSIVAS","description":"Empresa creada en 2005 con el af\u00e1n de dar un servicio preferente a nuestros clientes, fabricando productos exclusivos y de alta calidad a unos precios asequibles.","publisher":{"@id":"https:\/\/www.conosurexclusivas.com\/#organization"},"potentialAction":[{"@type":"SearchAction","target":{"@type":"EntryPoint","urlTemplate":"https:\/\/www.conosurexclusivas.com\/?s={search_term_string}"},"query-input":"required name=search_term_string"}],"inLanguage":"es"},{"@type":"Organization","@id":"https:\/\/www.conosurexclusivas.com\/#organization","name":"CONO SUR EXCLUSIVAS","url":"https:\/\/www.conosurexclusivas.com\/","sameAs":[],"logo":{"@type":"ImageObject","inLanguage":"es","@id":"https:\/\/www.conosurexclusivas.com\/#\/schema\/logo\/image\/","url":"https:\/\/www.conosurexclusivas.com\/wp-content\/uploads\/2022\/06\/cropped-logo.png","contentUrl":"https:\/\/www.conosurexclusivas.com\/wp-content\/uploads\/2022\/06\/cropped-logo.png","width":623,"height":175,"caption":"CONO SUR EXCLUSIVAS"},"image":{"@id":"https:\/\/www.conosurexclusivas.com\/#\/schema\/logo\/image\/"}}]}},"uagb_featured_image_src":{"full":false,"thumbnail":false,"medium":false,"medium_large":false,"large":false,"1536x1536":false,"2048x2048":false},"uagb_author_info":{"display_name":"admin","author_link":"https:\/\/www.conosurexclusivas.com\/index.php\/author\/conosur\/"},"uagb_comment_info":0,"uagb_excerpt":"1.&nbsp;&nbsp;INFORMACI\u00d3N&nbsp;AL&nbsp;USUARIO \u00bfQui\u00e9n&nbsp;es&nbsp;el&nbsp;responsable&nbsp;del&nbsp;tratamiento&nbsp;de&nbsp;tus&nbsp;datos&nbsp;personales? CONO SUR EXCLUSIVAS S.L.&nbsp;es el RESPONSABLE del tratamiento de los datos personales del USUARIO y le&nbsp;informa de que estos datos ser\u00e1n tratados de conformidad con lo dispuesto en el Reglamento (UE) 2016\/679, de 27 de&nbsp;abril&nbsp;(GDPR), y la&nbsp;Ley&nbsp;Org\u00e1nica 3\/2018,&nbsp;de&nbsp;5&nbsp;de&nbsp;diciembre&nbsp;(LOPDGDD). \u00bfPara qu\u00e9 tratamos tus datos personales? Para&nbsp;mantener&nbsp;una&nbsp;relaci\u00f3n&nbsp;comercial&nbsp;con&nbsp;el&nbsp;usuario.&nbsp;Las&nbsp;operaciones&nbsp;previstas&nbsp;para&nbsp;realizar&nbsp;el&nbsp;tratamiento&nbsp;son: Remisi\u00f3n&nbsp;de&nbsp;comunicaciones&nbsp;comerciales&nbsp;publicitarias&nbsp;por&nbsp;e-mail,&nbsp;fax,&nbsp;SMS,&nbsp;MMS,&nbsp;redes&nbsp;sociales&nbsp;o&nbsp;cualquier&nbsp;otro medio electr\u00f3nico o f\u00edsico, presente o futuro,...","_links":{"self":[{"href":"https:\/\/www.conosurexclusivas.com\/index.php\/wp-json\/wp\/v2\/pages\/103"}],"collection":[{"href":"https:\/\/www.conosurexclusivas.com\/index.php\/wp-json\/wp\/v2\/pages"}],"about":[{"href":"https:\/\/www.conosurexclusivas.com\/index.php\/wp-json\/wp\/v2\/types\/page"}],"author":[{"embeddable":true,"href":"https:\/\/www.conosurexclusivas.com\/index.php\/wp-json\/wp\/v2\/users\/1"}],"replies":[{"embeddable":true,"href":"https:\/\/www.conosurexclusivas.com\/index.php\/wp-json\/wp\/v2\/comments?post=103"}],"version-history":[{"count":3,"href":"https:\/\/www.conosurexclusivas.com\/index.php\/wp-json\/wp\/v2\/pages\/103\/revisions"}],"predecessor-version":[{"id":384,"href":"https:\/\/www.conosurexclusivas.com\/index.php\/wp-json\/wp\/v2\/pages\/103\/revisions\/384"}],"wp:attachment":[{"href":"https:\/\/www.conosurexclusivas.com\/index.php\/wp-json\/wp\/v2\/media?parent=103"}],"curies":[{"name":"wp","href":"https:\/\/api.w.org\/{rel}","templated":true}]}}