{"id":106,"date":"2022-06-24T08:44:04","date_gmt":"2022-06-24T08:44:04","guid":{"rendered":"https:\/\/www.conosurexclusivas.com\/?page_id=106"},"modified":"2022-07-12T10:37:22","modified_gmt":"2022-07-12T10:37:22","slug":"politica-de-cookies","status":"publish","type":"page","link":"https:\/\/www.conosurexclusivas.com\/index.php\/politica-de-cookies\/","title":{"rendered":"Pol\u00edtica de cookies"},"content":{"rendered":"\n<h1>LEY&nbsp;DE&nbsp;LOS SERVICIOS&nbsp;DE&nbsp;LA SOCIEDAD DE&nbsp;LA INFORMACI\u00d3N (LSSI)<\/h1>\n\n\n\n<p class=\"has-text-align-justify\">CONO SUR EXCLUSIVAS&nbsp;S.L.,&nbsp;responsable&nbsp;del&nbsp;sitio&nbsp;web,&nbsp;en&nbsp;adelante&nbsp;RESPONSABLE,&nbsp;pone&nbsp;a disposici\u00f3n de los usuarios el presente documento, con el que pretende dar cumplimiento a las&nbsp;obligaciones&nbsp;dispuestas&nbsp;en&nbsp;la&nbsp;Ley&nbsp;34\/2002,&nbsp;de&nbsp;11&nbsp;de&nbsp;julio,&nbsp;de&nbsp;Servicios&nbsp;de&nbsp;la&nbsp;Sociedad&nbsp;de&nbsp;la&nbsp;Informaci\u00f3n y de Comercio Electr\u00f3nico (LSSICE), BOE N.\u00ba 166, as\u00ed como informar a todos los usuarios&nbsp;del&nbsp;sitio web&nbsp;respecto a&nbsp;cu\u00e1les son las&nbsp;condiciones de&nbsp;uso. Toda&nbsp;persona&nbsp;que&nbsp;acceda&nbsp;a&nbsp;este&nbsp;sitio&nbsp;web&nbsp;asume&nbsp;el&nbsp;papel&nbsp;de&nbsp;usuario,&nbsp;comprometi\u00e9ndose&nbsp;a&nbsp;la&nbsp;observancia y cumplimiento riguroso de las disposiciones aqu\u00ed dispuestas, as\u00ed como a cualquier otra&nbsp;disposici\u00f3n&nbsp;legal&nbsp;que&nbsp;fuera&nbsp;de&nbsp;aplicaci\u00f3n. CONO SUR EXCLUSIVAS S.L. se reserva el derecho de modificar cualquier tipo de informaci\u00f3n&nbsp;que&nbsp;pudiera&nbsp;aparecer&nbsp;en&nbsp;el&nbsp;sitio&nbsp;web,&nbsp;sin&nbsp;que&nbsp;exista&nbsp;obligaci\u00f3n&nbsp;de&nbsp;preavisar&nbsp;o&nbsp;poner&nbsp;en&nbsp;conocimiento&nbsp;de los usuarios dichas obligaciones, entendi\u00e9ndose como suficiente la publicaci\u00f3n en el sitio web de&nbsp;CONO SUR EXCLUSIVAS&nbsp;S.L..<\/p>\n\n\n\n<h1>1.&nbsp;&nbsp;DATOS&nbsp;IDENTIFICATIVOS<\/h1>\n\n\n\n<p>Nombre de dominio: www.tekkiwear.com&nbsp;<\/p>\n\n\n\n<p>Denominaci\u00f3n social:&nbsp;CONO SUR EXCLUSIVAS S.L.<\/p>\n\n\n\n<p>NIF:&nbsp;B47567797<\/p>\n\n\n\n<p>Domicilio&nbsp;social:&nbsp;ORO,&nbsp;46&nbsp;47012-&nbsp;VALLADOLID<\/p>\n\n\n\n<p>Tel\u00e9fono:&nbsp;983&nbsp;347&nbsp;317<\/p>\n\n\n\n<p>E-mail:&nbsp;service@conosurexclusivas.com<\/p>\n\n\n\n<h1>2.&nbsp;&nbsp;DERECHOS&nbsp;DE&nbsp;PROPIEDAD&nbsp;INTELECTUAL&nbsp;E&nbsp;INDUSTRIAL<\/h1>\n\n\n\n<p class=\"has-text-align-justify\">El sitio web, incluyendo a t\u00edtulo enunciativo pero no limitativo su programaci\u00f3n, edici\u00f3n, compilaci\u00f3n y\u00a0dem\u00e1s elementos necesarios para su funcionamiento, los dise\u00f1os, logotipos, texto y\/o gr\u00e1ficos, son\u00a0propiedad del RESPONSABLE o, si es el caso, dispone de licencia o autorizaci\u00f3n expresa por parte de\u00a0los autores. Todos los contenidos del sitio web se encuentran debidamente protegidos por la normativa\u00a0de\u00a0propiedad\u00a0intelectual\u00a0e\u00a0industrial, as\u00ed\u00a0como\u00a0inscritos en\u00a0los\u00a0registros p\u00fablicos\u00a0correspondientes.<\/p>\n\n\n\n<p class=\"has-text-align-justify\">Independientemente de la finalidad para la que fueran destinados, la reproducci\u00f3n total o parcial, uso,\u00a0explotaci\u00f3n, distribuci\u00f3n y comercializaci\u00f3n, requiere en todo caso la autorizaci\u00f3n escrita previa por\u00a0parte del RESPONSABLE. Cualquier uso no autorizado previamente se considera un incumplimiento\u00a0grave de\u00a0los derechos\u00a0de\u00a0propiedad\u00a0intelectual\u00a0o\u00a0industrial\u00a0del\u00a0autor.<\/p>\n\n\n\n<p class=\"has-text-align-justify\">Los dise\u00f1os, logotipos, texto y\/o gr\u00e1ficos ajenos al RESPONSABLE y que pudieran aparecer en el sitio\u00a0web, pertenecen a sus respectivos propietarios, siendo ellos mismos responsables de cualquier posible\u00a0controversia que pudiera suscitarse respecto a los mismos. El RESPONSABLE autoriza expresamente a\u00a0que\u00a0terceros puedan\u00a0redirigir directamente\u00a0a\u00a0los\u00a0contenidos\u00a0concretos\u00a0del\u00a0sitio\u00a0web,\u00a0y\u00a0en\u00a0todo\u00a0caso\u00a0redirigir\u00a0al\u00a0sitio\u00a0web\u00a0principal\u00a0de\u00a0www.tekkiwear.com<\/p>\n\n\n\n<p class=\"has-text-align-justify\">El RESPONSABLE reconoce a favor de sus titulares los correspondientes derechos de propiedad&nbsp;intelectual e industrial, no implicando su sola menci\u00f3n o aparici\u00f3n en el sitio&nbsp;web la existencia de&nbsp;derechos&nbsp;o&nbsp;responsabilidad&nbsp;alguna&nbsp;sobre&nbsp;los&nbsp;mismos,&nbsp;como&nbsp;tampoco&nbsp;respaldo,&nbsp;patrocinio&nbsp;o&nbsp;recomendaci\u00f3n&nbsp;por&nbsp;parte&nbsp;del&nbsp;mismo.<\/p>\n\n\n\n<p class=\"has-text-align-justify\">Para realizar cualquier tipo de observaci\u00f3n respecto a posibles incumplimientos de los derechos de&nbsp;propiedad intelectual o industrial, as\u00ed como sobre cualquiera de los contenidos del sitio web, puede&nbsp;hacerlo&nbsp;a&nbsp;trav\u00e9s&nbsp;del&nbsp;correo&nbsp;electr\u00f3nico&nbsp;service@conosurexclusivas.com<\/p>\n\n\n\n<h1>3.&nbsp;&nbsp;EXENCI\u00d3N&nbsp;DE&nbsp;RESPONSABILIDADES<\/h1>\n\n\n\n<p class=\"has-text-align-justify\">El RESPONSABLE se exime de cualquier tipo de responsabilidad derivada de la informaci\u00f3n publicada&nbsp;en su sitio web siempre que esta informaci\u00f3n haya sido manipulada o introducida por un tercero ajeno&nbsp;al&nbsp;mismo.<\/p>\n\n\n\n<h4>Uso&nbsp;de&nbsp;Cookies<\/h4>\n\n\n\n<p class=\"has-text-align-justify\">Este sitio web puede utilizar cookies t\u00e9cnicas (peque\u00f1os archivos de informaci\u00f3n que el servidor env\u00eda\u00a0al\u00a0ordenador\u00a0de\u00a0quien\u00a0accede\u00a0a\u00a0la\u00a0p\u00e1gina) para\u00a0llevar\u00a0a\u00a0cabo determinadas\u00a0funciones\u00a0que\u00a0son\u00a0consideradas imprescindibles para el correcto funcionamiento y visualizaci\u00f3n del sitio. Las cookies\u00a0utilizadas\u00a0tienen,\u00a0en\u00a0todo\u00a0caso, car\u00e1cter\u00a0temporal,\u00a0con\u00a0la\u00a0\u00fanica\u00a0finalidad\u00a0de\u00a0hacer\u00a0m\u00e1s\u00a0eficaz\u00a0la\u00a0navegaci\u00f3n,\u00a0y\u00a0desaparecen\u00a0al\u00a0terminar\u00a0la\u00a0sesi\u00f3n\u00a0del\u00a0usuario.\u00a0En\u00a0ning\u00fan\u00a0caso,\u00a0estas cookies proporcionan por s\u00ed mismas datos de car\u00e1cter personal y no se utilizar\u00e1n para la recogida de los\u00a0mismos.<\/p>\n\n\n\n<p class=\"has-text-align-justify\">Mediante el uso de cookies tambi\u00e9n es posible que el servidor donde se encuentra la web reconozca el&nbsp;navegador utilizado por el usuario con la finalidad de que la navegaci\u00f3n sea m\u00e1s sencilla, permitiendo,&nbsp;por ejemplo, el acceso de los usuarios que se hayan registrado previamente a las \u00e1reas, servicios,&nbsp;promociones o concursos reservados exclusivamente a ellos sin tener que registrarse en cada visita.&nbsp;Tambi\u00e9n se pueden utilizar para medir la audiencia, par\u00e1metros de tr\u00e1fico, controlar el progreso y&nbsp;n\u00famero&nbsp;de&nbsp;entradas,&nbsp;etc.,&nbsp;siendo&nbsp;en&nbsp;estos&nbsp;casos&nbsp;cookies&nbsp;prescindibles&nbsp;t\u00e9cnicamente,&nbsp;pero&nbsp;beneficiosas para el usuario. Este sitio web no instalar\u00e1 cookies prescindibles sin el consentimiento&nbsp;previo&nbsp;del&nbsp;usuario.&nbsp;<\/p>\n\n\n\n<p class=\"has-text-align-justify\">Este sitio web utiliza cookies anal\u00edticas para habilitar la funci\u00f3n de control de visitas \u00fanicas con el fin de&nbsp;facilitarle su navegaci\u00f3n. A todo usuario que visita la web se le informa del uso de estas cookies&nbsp;mediante&nbsp;un&nbsp;banner&nbsp;flotante,&nbsp;considerando&nbsp;que&nbsp;si&nbsp;acepta&nbsp;el&nbsp;tratamiento&nbsp;est\u00e1&nbsp;de&nbsp;acuerdo&nbsp;con&nbsp;su&nbsp;uso.&nbsp;En el caso de aceptar su uso el banner desaparecer\u00e1, aunque en todo momento podr\u00e1 revocar el&nbsp;consentimiento&nbsp;y&nbsp;obtener&nbsp;m\u00e1s&nbsp;informaci\u00f3n&nbsp;consultando&nbsp;nuestra&nbsp;Pol\u00edtica&nbsp;de&nbsp;cookies.<\/p>\n\n\n\n<p class=\"has-text-align-justify\">El&nbsp;usuario&nbsp;tiene&nbsp;la&nbsp;posibilidad&nbsp;de&nbsp;configurar&nbsp;su&nbsp;navegador&nbsp;para&nbsp;ser&nbsp;alertado&nbsp;de&nbsp;la&nbsp;recepci\u00f3n&nbsp;de&nbsp;cookies&nbsp;y para impedir su instalaci\u00f3n en su equipo. Por favor, consulte las instrucciones de su navegador para&nbsp;ampliar&nbsp;esta&nbsp;informaci\u00f3n.<\/p>\n\n\n\n<h4>Pol\u00edtica&nbsp;de&nbsp;enlaces<\/h4>\n\n\n\n<p class=\"has-text-align-justify\">Desde el sitio web, es posible que se redirija a contenidos de terceros sitios web. Dado que el\u00a0RESPONSABLE\u00a0no\u00a0puede\u00a0controlar\u00a0siempre\u00a0los\u00a0contenidos introducidos\u00a0por\u00a0terceros\u00a0en\u00a0sus\u00a0respectivos sitios web, no asume ning\u00fan tipo de responsabilidad respecto a dichos contenidos. En todo\u00a0caso, proceder\u00e1 a la retirada inmediata de cualquier contenido que pudiera contravenir la legislaci\u00f3n\u00a0nacional\u00a0o\u00a0internacional,\u00a0la\u00a0moral\u00a0o\u00a0el\u00a0orden\u00a0p\u00fablico, procediendo\u00a0a\u00a0la\u00a0retirada inmediata\u00a0de\u00a0la\u00a0redirecci\u00f3n\u00a0a\u00a0dicho\u00a0sitio\u00a0web,\u00a0poniendo\u00a0en\u00a0conocimiento\u00a0de\u00a0las\u00a0autoridades\u00a0competentes\u00a0el\u00a0contenido\u00a0en\u00a0cuesti\u00f3n.<\/p>\n\n\n\n<p class=\"has-text-align-justify\">El RESPONSABLE no se hace responsable de la informaci\u00f3n y contenidos almacenados, a t\u00edtulo\u00a0enunciativo pero no limitativo, en foros, chats, generadores de blogs, comentarios, redes sociales o\u00a0cualquier otro medio que permita a terceros publicar contenidos de forma independiente en la p\u00e1gina\u00a0web del\u00a0RESPONSABLE. Sin\u00a0embargo,\u00a0y\u00a0en\u00a0cumplimiento\u00a0de\u00a0lo\u00a0dispuesto\u00a0en\u00a0los\u00a0art\u00edculos\u00a011\u00a0y\u00a016\u00a0de\u00a0la\u00a0LSSICE,\u00a0se\u00a0pone\u00a0a\u00a0disposici\u00f3n\u00a0de\u00a0todos\u00a0los\u00a0usuarios,\u00a0autoridades\u00a0y\u00a0fuerzas\u00a0de\u00a0seguridad,\u00a0colaborando de forma activa en la retirada o, en su caso, bloqueo de todos aquellos contenidos que\u00a0puedan afectar o contravenir la legislaci\u00f3n nacional o internacional, los derechos de terceros o la moral\u00a0y el orden p\u00fablico. En caso de que el usuario considere que existe en el sitio web alg\u00fan contenido que\u00a0pudiera ser susceptible de esta clasificaci\u00f3n, se ruega lo notifique de forma inmediata al administrador\u00a0del\u00a0sitio web.<\/p>\n\n\n\n<p class=\"has-text-align-justify\">Este&nbsp;sitio&nbsp;web&nbsp;se&nbsp;ha&nbsp;revisado&nbsp;y&nbsp;probado&nbsp;para&nbsp;que&nbsp;funcione&nbsp;correctamente.&nbsp;En&nbsp;principio,&nbsp;puede&nbsp;garantizarse&nbsp;el&nbsp;correcto&nbsp;funcionamiento&nbsp;los&nbsp;365&nbsp;d\u00edas&nbsp;del&nbsp;a\u00f1o,&nbsp;24&nbsp;horas&nbsp;al&nbsp;d\u00eda.&nbsp;Sin&nbsp;embargo,&nbsp;el&nbsp;RESPONSABLE no descarta la posibilidad de que existan ciertos errores de programaci\u00f3n, o que&nbsp;acontezcan causas de fuerza mayor, cat\u00e1strofes naturales, huelgas o circunstancias semejantes que&nbsp;hagan&nbsp;imposible&nbsp;el&nbsp;acceso&nbsp;a&nbsp;la&nbsp;p\u00e1gina&nbsp;web.<\/p>\n\n\n\n<h4>Direcciones&nbsp;IP<\/h4>\n\n\n\n<p class=\"has-text-align-justify\">Los servidores del sitio web podr\u00e1n detectar de manera autom\u00e1tica la direcci\u00f3n IP y el nombre de&nbsp;dominio utilizados por el usuario. Una direcci\u00f3n IP es un n\u00famero asignado autom\u00e1ticamente a un&nbsp;ordenador cuando este se conecta a Internet. Toda esta informaci\u00f3n se registra en un fichero de&nbsp;actividad del servidor debidamente inscrito que permite el posterior procesamiento de los datos con el&nbsp;fin de obtener mediciones \u00fanicamente estad\u00edsticas que permitan conocer el n\u00famero de impresiones de&nbsp;p\u00e1ginas, el n\u00famero de visitas realizadas a los servidores web, el orden de visitas, el punto de acceso,&nbsp;etc.<\/p>\n\n\n\n<h1>4.&nbsp;&nbsp;LEY&nbsp;APLICABLE&nbsp;Y&nbsp;JURISDICCI\u00d3N<\/h1>\n\n\n\n<p class=\"has-text-align-justify\">Para la resoluci\u00f3n de todas las controversias o cuestiones relacionadas con el presente sitio web o de\u00a0las actividades en \u00e9l desarrolladas, ser\u00e1 de aplicaci\u00f3n la legislaci\u00f3n espa\u00f1ola, a la que se someten\u00a0expresamente las partes, siendo competentes para la resoluci\u00f3n de todos los conflictos derivados o\u00a0relacionados con\u00a0su uso\u00a0los\u00a0Juzgados\u00a0y\u00a0Tribunales\u00a0del\u00a0domicilio\u00a0del\u00a0USUARIO\u00a0o,\u00a0el\u00a0lugar\u00a0del\u00a0cumplimiento\u00a0de\u00a0la\u00a0obligaci\u00f3n.<\/p>\n","protected":false},"excerpt":{"rendered":"<p>LEY&nbsp;DE&nbsp;LOS SERVICIOS&nbsp;DE&nbsp;LA SOCIEDAD DE&nbsp;LA INFORMACI\u00d3N (LSSI) CONO SUR EXCLUSIVAS&nbsp;S.L.,&nbsp;responsable&nbsp;del&nbsp;sitio&nbsp;web,&nbsp;en&nbsp;adelante&nbsp;RESPONSABLE,&nbsp;pone&nbsp;a disposici\u00f3n de los usuarios el presente documento, con el que pretende dar cumplimiento a las&nbsp;obligaciones&nbsp;dispuestas&nbsp;en&nbsp;la&nbsp;Ley&nbsp;34\/2002,&nbsp;de&nbsp;11&nbsp;de&nbsp;julio,&nbsp;de&nbsp;Servicios&nbsp;de&nbsp;la&nbsp;Sociedad&nbsp;de&nbsp;la&nbsp;Informaci\u00f3n y de Comercio Electr\u00f3nico (LSSICE), BOE N.\u00ba 166, as\u00ed como informar a todos los usuarios&nbsp;del&nbsp;sitio web&nbsp;respecto a&nbsp;cu\u00e1les son las&nbsp;condiciones de&nbsp;uso. Toda&nbsp;persona&nbsp;que&nbsp;acceda&nbsp;a&nbsp;este&nbsp;sitio&nbsp;web&nbsp;asume&nbsp;el&nbsp;papel&nbsp;de&nbsp;usuario,&nbsp;comprometi\u00e9ndose&nbsp;a&nbsp;la&nbsp;observancia y cumplimiento riguroso de las disposiciones aqu\u00ed dispuestas, as\u00ed como&#8230;<\/p>\n","protected":false},"author":1,"featured_media":0,"parent":0,"menu_order":0,"comment_status":"closed","ping_status":"closed","template":"","meta":{"_editorskit_title_hidden":false,"_editorskit_reading_time":4,"_editorskit_is_block_options_detached":false,"_editorskit_block_options_position":"{}","_kad_post_transparent":"","_kad_post_title":"","_kad_post_layout":"","_kad_post_sidebar_id":"","_kad_post_content_style":"","_kad_post_vertical_padding":"","_kad_post_feature":"","_kad_post_feature_position":"","_kad_post_header":false,"_kad_post_footer":false},"yoast_head":"<!-- This site is optimized with the Yoast SEO plugin v19.7.1 - https:\/\/yoast.com\/wordpress\/plugins\/seo\/ -->\n<title>Pol\u00edtica de cookies - CONO SUR EXCLUSIVAS<\/title>\n<meta name=\"robots\" content=\"index, follow, max-snippet:-1, max-image-preview:large, max-video-preview:-1\" \/>\n<link rel=\"canonical\" href=\"https:\/\/www.conosurexclusivas.com\/index.php\/politica-de-cookies\/\" \/>\n<meta property=\"og:locale\" content=\"es_ES\" \/>\n<meta property=\"og:type\" content=\"article\" \/>\n<meta property=\"og:title\" content=\"Pol\u00edtica de cookies - CONO SUR EXCLUSIVAS\" \/>\n<meta property=\"og:description\" content=\"LEY&nbsp;DE&nbsp;LOS SERVICIOS&nbsp;DE&nbsp;LA SOCIEDAD DE&nbsp;LA INFORMACI\u00d3N (LSSI) CONO SUR EXCLUSIVAS&nbsp;S.L.,&nbsp;responsable&nbsp;del&nbsp;sitio&nbsp;web,&nbsp;en&nbsp;adelante&nbsp;RESPONSABLE,&nbsp;pone&nbsp;a disposici\u00f3n de los usuarios el presente documento, con el que pretende dar cumplimiento a las&nbsp;obligaciones&nbsp;dispuestas&nbsp;en&nbsp;la&nbsp;Ley&nbsp;34\/2002,&nbsp;de&nbsp;11&nbsp;de&nbsp;julio,&nbsp;de&nbsp;Servicios&nbsp;de&nbsp;la&nbsp;Sociedad&nbsp;de&nbsp;la&nbsp;Informaci\u00f3n y de Comercio Electr\u00f3nico (LSSICE), BOE N.\u00ba 166, as\u00ed como informar a todos los usuarios&nbsp;del&nbsp;sitio web&nbsp;respecto a&nbsp;cu\u00e1les son las&nbsp;condiciones de&nbsp;uso. Toda&nbsp;persona&nbsp;que&nbsp;acceda&nbsp;a&nbsp;este&nbsp;sitio&nbsp;web&nbsp;asume&nbsp;el&nbsp;papel&nbsp;de&nbsp;usuario,&nbsp;comprometi\u00e9ndose&nbsp;a&nbsp;la&nbsp;observancia y cumplimiento riguroso de las disposiciones aqu\u00ed dispuestas, as\u00ed como...\" \/>\n<meta property=\"og:url\" content=\"https:\/\/www.conosurexclusivas.com\/index.php\/politica-de-cookies\/\" \/>\n<meta property=\"og:site_name\" content=\"CONO SUR EXCLUSIVAS\" \/>\n<meta property=\"article:modified_time\" content=\"2022-07-12T10:37:22+00:00\" \/>\n<meta name=\"twitter:card\" content=\"summary_large_image\" \/>\n<meta name=\"twitter:label1\" content=\"Tiempo de lectura\" \/>\n\t<meta name=\"twitter:data1\" content=\"6 minutos\" \/>\n<script type=\"application\/ld+json\" class=\"yoast-schema-graph\">{\"@context\":\"https:\/\/schema.org\",\"@graph\":[{\"@type\":\"WebPage\",\"@id\":\"https:\/\/www.conosurexclusivas.com\/index.php\/politica-de-cookies\/\",\"url\":\"https:\/\/www.conosurexclusivas.com\/index.php\/politica-de-cookies\/\",\"name\":\"Pol\u00edtica de cookies - CONO SUR EXCLUSIVAS\",\"isPartOf\":{\"@id\":\"https:\/\/www.conosurexclusivas.com\/#website\"},\"datePublished\":\"2022-06-24T08:44:04+00:00\",\"dateModified\":\"2022-07-12T10:37:22+00:00\",\"breadcrumb\":{\"@id\":\"https:\/\/www.conosurexclusivas.com\/index.php\/politica-de-cookies\/#breadcrumb\"},\"inLanguage\":\"es\",\"potentialAction\":[{\"@type\":\"ReadAction\",\"target\":[\"https:\/\/www.conosurexclusivas.com\/index.php\/politica-de-cookies\/\"]}]},{\"@type\":\"BreadcrumbList\",\"@id\":\"https:\/\/www.conosurexclusivas.com\/index.php\/politica-de-cookies\/#breadcrumb\",\"itemListElement\":[{\"@type\":\"ListItem\",\"position\":1,\"name\":\"Home\",\"item\":\"https:\/\/www.conosurexclusivas.com\/\"},{\"@type\":\"ListItem\",\"position\":2,\"name\":\"Pol\u00edtica de cookies\"}]},{\"@type\":\"WebSite\",\"@id\":\"https:\/\/www.conosurexclusivas.com\/#website\",\"url\":\"https:\/\/www.conosurexclusivas.com\/\",\"name\":\"CONO SUR EXCLUSIVAS\",\"description\":\"Empresa creada en 2005 con el af\u00e1n de dar un servicio preferente a nuestros clientes, fabricando productos exclusivos y de alta calidad a unos precios asequibles.\",\"publisher\":{\"@id\":\"https:\/\/www.conosurexclusivas.com\/#organization\"},\"potentialAction\":[{\"@type\":\"SearchAction\",\"target\":{\"@type\":\"EntryPoint\",\"urlTemplate\":\"https:\/\/www.conosurexclusivas.com\/?s={search_term_string}\"},\"query-input\":\"required name=search_term_string\"}],\"inLanguage\":\"es\"},{\"@type\":\"Organization\",\"@id\":\"https:\/\/www.conosurexclusivas.com\/#organization\",\"name\":\"CONO SUR EXCLUSIVAS\",\"url\":\"https:\/\/www.conosurexclusivas.com\/\",\"sameAs\":[],\"logo\":{\"@type\":\"ImageObject\",\"inLanguage\":\"es\",\"@id\":\"https:\/\/www.conosurexclusivas.com\/#\/schema\/logo\/image\/\",\"url\":\"https:\/\/www.conosurexclusivas.com\/wp-content\/uploads\/2022\/06\/cropped-logo.png\",\"contentUrl\":\"https:\/\/www.conosurexclusivas.com\/wp-content\/uploads\/2022\/06\/cropped-logo.png\",\"width\":623,\"height\":175,\"caption\":\"CONO SUR EXCLUSIVAS\"},\"image\":{\"@id\":\"https:\/\/www.conosurexclusivas.com\/#\/schema\/logo\/image\/\"}}]}<\/script>\n<!-- \/ Yoast SEO plugin. -->","yoast_head_json":{"title":"Pol\u00edtica de cookies - CONO SUR EXCLUSIVAS","robots":{"index":"index","follow":"follow","max-snippet":"max-snippet:-1","max-image-preview":"max-image-preview:large","max-video-preview":"max-video-preview:-1"},"canonical":"https:\/\/www.conosurexclusivas.com\/index.php\/politica-de-cookies\/","og_locale":"es_ES","og_type":"article","og_title":"Pol\u00edtica de cookies - CONO SUR EXCLUSIVAS","og_description":"LEY&nbsp;DE&nbsp;LOS SERVICIOS&nbsp;DE&nbsp;LA SOCIEDAD DE&nbsp;LA INFORMACI\u00d3N (LSSI) CONO SUR EXCLUSIVAS&nbsp;S.L.,&nbsp;responsable&nbsp;del&nbsp;sitio&nbsp;web,&nbsp;en&nbsp;adelante&nbsp;RESPONSABLE,&nbsp;pone&nbsp;a disposici\u00f3n de los usuarios el presente documento, con el que pretende dar cumplimiento a las&nbsp;obligaciones&nbsp;dispuestas&nbsp;en&nbsp;la&nbsp;Ley&nbsp;34\/2002,&nbsp;de&nbsp;11&nbsp;de&nbsp;julio,&nbsp;de&nbsp;Servicios&nbsp;de&nbsp;la&nbsp;Sociedad&nbsp;de&nbsp;la&nbsp;Informaci\u00f3n y de Comercio Electr\u00f3nico (LSSICE), BOE N.\u00ba 166, as\u00ed como informar a todos los usuarios&nbsp;del&nbsp;sitio web&nbsp;respecto a&nbsp;cu\u00e1les son las&nbsp;condiciones de&nbsp;uso. Toda&nbsp;persona&nbsp;que&nbsp;acceda&nbsp;a&nbsp;este&nbsp;sitio&nbsp;web&nbsp;asume&nbsp;el&nbsp;papel&nbsp;de&nbsp;usuario,&nbsp;comprometi\u00e9ndose&nbsp;a&nbsp;la&nbsp;observancia y cumplimiento riguroso de las disposiciones aqu\u00ed dispuestas, as\u00ed como...","og_url":"https:\/\/www.conosurexclusivas.com\/index.php\/politica-de-cookies\/","og_site_name":"CONO SUR EXCLUSIVAS","article_modified_time":"2022-07-12T10:37:22+00:00","twitter_card":"summary_large_image","twitter_misc":{"Tiempo de lectura":"6 minutos"},"schema":{"@context":"https:\/\/schema.org","@graph":[{"@type":"WebPage","@id":"https:\/\/www.conosurexclusivas.com\/index.php\/politica-de-cookies\/","url":"https:\/\/www.conosurexclusivas.com\/index.php\/politica-de-cookies\/","name":"Pol\u00edtica de cookies - CONO SUR EXCLUSIVAS","isPartOf":{"@id":"https:\/\/www.conosurexclusivas.com\/#website"},"datePublished":"2022-06-24T08:44:04+00:00","dateModified":"2022-07-12T10:37:22+00:00","breadcrumb":{"@id":"https:\/\/www.conosurexclusivas.com\/index.php\/politica-de-cookies\/#breadcrumb"},"inLanguage":"es","potentialAction":[{"@type":"ReadAction","target":["https:\/\/www.conosurexclusivas.com\/index.php\/politica-de-cookies\/"]}]},{"@type":"BreadcrumbList","@id":"https:\/\/www.conosurexclusivas.com\/index.php\/politica-de-cookies\/#breadcrumb","itemListElement":[{"@type":"ListItem","position":1,"name":"Home","item":"https:\/\/www.conosurexclusivas.com\/"},{"@type":"ListItem","position":2,"name":"Pol\u00edtica de cookies"}]},{"@type":"WebSite","@id":"https:\/\/www.conosurexclusivas.com\/#website","url":"https:\/\/www.conosurexclusivas.com\/","name":"CONO SUR EXCLUSIVAS","description":"Empresa creada en 2005 con el af\u00e1n de dar un servicio preferente a nuestros clientes, fabricando productos exclusivos y de alta calidad a unos precios asequibles.","publisher":{"@id":"https:\/\/www.conosurexclusivas.com\/#organization"},"potentialAction":[{"@type":"SearchAction","target":{"@type":"EntryPoint","urlTemplate":"https:\/\/www.conosurexclusivas.com\/?s={search_term_string}"},"query-input":"required name=search_term_string"}],"inLanguage":"es"},{"@type":"Organization","@id":"https:\/\/www.conosurexclusivas.com\/#organization","name":"CONO SUR EXCLUSIVAS","url":"https:\/\/www.conosurexclusivas.com\/","sameAs":[],"logo":{"@type":"ImageObject","inLanguage":"es","@id":"https:\/\/www.conosurexclusivas.com\/#\/schema\/logo\/image\/","url":"https:\/\/www.conosurexclusivas.com\/wp-content\/uploads\/2022\/06\/cropped-logo.png","contentUrl":"https:\/\/www.conosurexclusivas.com\/wp-content\/uploads\/2022\/06\/cropped-logo.png","width":623,"height":175,"caption":"CONO SUR EXCLUSIVAS"},"image":{"@id":"https:\/\/www.conosurexclusivas.com\/#\/schema\/logo\/image\/"}}]}},"uagb_featured_image_src":{"full":false,"thumbnail":false,"medium":false,"medium_large":false,"large":false,"1536x1536":false,"2048x2048":false},"uagb_author_info":{"display_name":"admin","author_link":"https:\/\/www.conosurexclusivas.com\/index.php\/author\/conosur\/"},"uagb_comment_info":0,"uagb_excerpt":"LEY&nbsp;DE&nbsp;LOS SERVICIOS&nbsp;DE&nbsp;LA SOCIEDAD DE&nbsp;LA INFORMACI\u00d3N (LSSI) CONO SUR EXCLUSIVAS&nbsp;S.L.,&nbsp;responsable&nbsp;del&nbsp;sitio&nbsp;web,&nbsp;en&nbsp;adelante&nbsp;RESPONSABLE,&nbsp;pone&nbsp;a disposici\u00f3n de los usuarios el presente documento, con el que pretende dar cumplimiento a las&nbsp;obligaciones&nbsp;dispuestas&nbsp;en&nbsp;la&nbsp;Ley&nbsp;34\/2002,&nbsp;de&nbsp;11&nbsp;de&nbsp;julio,&nbsp;de&nbsp;Servicios&nbsp;de&nbsp;la&nbsp;Sociedad&nbsp;de&nbsp;la&nbsp;Informaci\u00f3n y de Comercio Electr\u00f3nico (LSSICE), BOE N.\u00ba 166, as\u00ed como informar a todos los usuarios&nbsp;del&nbsp;sitio web&nbsp;respecto a&nbsp;cu\u00e1les son las&nbsp;condiciones de&nbsp;uso. Toda&nbsp;persona&nbsp;que&nbsp;acceda&nbsp;a&nbsp;este&nbsp;sitio&nbsp;web&nbsp;asume&nbsp;el&nbsp;papel&nbsp;de&nbsp;usuario,&nbsp;comprometi\u00e9ndose&nbsp;a&nbsp;la&nbsp;observancia y cumplimiento riguroso de las disposiciones aqu\u00ed dispuestas, as\u00ed como...","_links":{"self":[{"href":"https:\/\/www.conosurexclusivas.com\/index.php\/wp-json\/wp\/v2\/pages\/106"}],"collection":[{"href":"https:\/\/www.conosurexclusivas.com\/index.php\/wp-json\/wp\/v2\/pages"}],"about":[{"href":"https:\/\/www.conosurexclusivas.com\/index.php\/wp-json\/wp\/v2\/types\/page"}],"author":[{"embeddable":true,"href":"https:\/\/www.conosurexclusivas.com\/index.php\/wp-json\/wp\/v2\/users\/1"}],"replies":[{"embeddable":true,"href":"https:\/\/www.conosurexclusivas.com\/index.php\/wp-json\/wp\/v2\/comments?post=106"}],"version-history":[{"count":5,"href":"https:\/\/www.conosurexclusivas.com\/index.php\/wp-json\/wp\/v2\/pages\/106\/revisions"}],"predecessor-version":[{"id":379,"href":"https:\/\/www.conosurexclusivas.com\/index.php\/wp-json\/wp\/v2\/pages\/106\/revisions\/379"}],"wp:attachment":[{"href":"https:\/\/www.conosurexclusivas.com\/index.php\/wp-json\/wp\/v2\/media?parent=106"}],"curies":[{"name":"wp","href":"https:\/\/api.w.org\/{rel}","templated":true}]}}