{"id":41,"date":"2022-06-23T08:28:54","date_gmt":"2022-06-23T08:28:54","guid":{"rendered":"https:\/\/www.conosurexclusivas.com\/?page_id=41"},"modified":"2022-07-12T12:50:56","modified_gmt":"2022-07-12T12:50:56","slug":"quienes-somos","status":"publish","type":"page","link":"https:\/\/www.conosurexclusivas.com\/","title":{"rendered":"BIENVENIDO A CONO SUR EXCLUSIVAS"},"content":{"rendered":"\n<h2>Qui\u00e9nes somos<\/h2>\n\n\n\n<p class=\"has-text-align-justify\"><strong>CONO SUR EXCLUSIVAS S.L.<\/strong> somos una empresa creada en 2005 con el af\u00e1n de dar un servicio preferente a nuestros clientes, fabricando productos exclusivos y de alta calidad a unos precios asequibles.&nbsp;<\/p>\n\n\n\n<p class=\"has-text-align-justify\">Somos un equipo de gente apasionada cuya meta es mejorar la vida de cada uno a trav\u00e9s de productos disruptivos. Construimos grandes productos para solucionar sus problemas de negocio.<\/p>\n\n\n\n<p class=\"has-text-align-justify\">Nuestros productos est\u00e1n dise\u00f1ados para peque\u00f1as y medianas empresas que desean optimizar su desempe\u00f1o.<\/p>\n\n\n\n<p>Somos propietarios de las marcas:<\/p>\n\n\n\n<ul class=\"is-style-arrow\"><li><strong>DAM y SILICA COLOUR TOUCH<\/strong> con fabricaci\u00f3n propia en China,&nbsp;<\/li><li><strong>FIRENZE ARTEGIANI<\/strong> con fabricaci\u00f3n en Italia,&nbsp;<\/li><li><strong>FIRENZE SILVER<\/strong> con fabricaci\u00f3n en Italia,<\/li><li><strong>I LIKE SPAIN<\/strong> con fabricaci\u00f3n en India y China.<\/li><li><strong>KICKSIDE<\/strong>, con fabricaci\u00f3n en Argentina<\/li><li><strong>KOOKSIDE<\/strong>, con fabricaci\u00f3n en China.<\/li><\/ul>\n\n\n\n<p class=\"has-text-align-justify\">Adem\u00e1s somos distribuidores de productos licenciados <strong>DISNEY<\/strong>, <strong>MATTEL<\/strong>, <strong>NICKELODEON<\/strong>, <strong>PITUFOS<\/strong> Y <strong>HELLO KITTY<\/strong>.&nbsp;<\/p>\n\n\n\n<p class=\"has-text-align-justify\">Cada marca representa el esp\u00edritu de la empresa, dedicada a la innovaci\u00f3n y b\u00fasqueda continua de los productos m\u00e1s actuales, nos ajustamos a la demanda continuada y cambiante de nuestros clientes, satisfaciendo el \u00abhambre\u00bb de novedades de nuestros clientes.<\/p>\n\n\n\n<p class=\"has-text-align-justify\">En nuestro cat\u00e1logo y oficinas de VALLADOLID, le presentamos los productos que tambi\u00e9n podr\u00e1 encontrar en nuestras tiendas y almacenes.<\/p>\n\n\n\n<p class=\"has-text-align-justify\">Estamos presentes en Espa\u00f1a, Portugal, Italia, Francia, Alemania, Holanda, Argentina, Chile, Brasil, y pr\u00f3ximamente en Rusia, Eslovaquia, Ruman\u00eda, Chequia y Polonia.<\/p>\n\n\n\n<p class=\"has-text-align-justify\">Nos basamos en la selecci\u00f3n de clientes principalmente del canal moda dando especial atenci\u00f3n al respeto de zona de influencia y trabajando estrechamente la implantaci\u00f3n de nuestro producto en el punto de venta. Damos prioridad al visual merchandising y escaparatismo.<\/p>\n\n\n\n<h2>Datos de contacto<\/h2>\n\n\n\n<section class=\"wp-block-uagb-columns uagb-columns__wrap uagb-columns__background-undefined uagb-columns__stack-mobile uagb-columns__valign-undefined uagb-columns__gap-10 alignundefined uagb-block-fbbb9723\"><div class=\"uagb-columns__overlay\"><\/div><div class=\"uagb-columns__shape uagb-columns__shape-top\"><svg xmlns=\"http:\/\/www.w3.org\/2000\/svg\" viewBox=\"0 0 1000 100\" preserveAspectRatio=\"none\"><path class=\"uagb-columns__shape-fill\" opacity=\"0.33\" d=\"M473,67.3c-203.9,88.3-263.1-34-320.3,0C66,119.1,0,59.7,0,59.7V0h1000v59.7 c0,0-62.1,26.1-94.9,29.3c-32.8,3.3-62.8-12.3-75.8-22.1C806,49.6,745.3,8.7,694.9,4.7S492.4,59,473,67.3z\"><\/path><path class=\"uagb-columns__shape-fill\" opacity=\"0.66\" d=\"M734,67.3c-45.5,0-77.2-23.2-129.1-39.1c-28.6-8.7-150.3-10.1-254,39.1 s-91.7-34.4-149.2,0C115.7,118.3,0,39.8,0,39.8V0h1000v36.5c0,0-28.2-18.5-92.1-18.5C810.2,18.1,775.7,67.3,734,67.3z\"><\/path><path class=\"uagb-columns__shape-fill\" d=\"M766.1,28.9c-200-57.5-266,65.5-395.1,19.5C242,1.8,242,5.4,184.8,20.6C128,35.8,132.3,44.9,89.9,52.5C28.6,63.7,0,0,0,0 h1000c0,0-9.9,40.9-83.6,48.1S829.6,47,766.1,28.9z\"><\/path><\/svg><\/div><div class=\"uagb-columns__inner-wrap uagb-columns__columns-3\">\n<div class=\"wp-block-uagb-column uagb-column__wrap uagb-column__background-undefined uagb-block-3b24cb17\"><div class=\"uagb-column__overlay\"><\/div><div class=\"uagb-column__inner-wrap\">\n<div class=\"wp-block-uagb-info-box uagb-infobox__outer-wrap uagb-block-cc8ccf80\"><div class=\"uagb-infobox__content-wrap uagb-infobox uagb-infobox-has-icon uagb-infobox-icon-above-title uagb-infobox-image-valign-top uagb-infobox-enable-border-radius \"><div class=\"uagb-ifb-left-right-wrap\"><div class=\"uagb-ifb-content\"><div class=\"uagb-ifb-image-icon-content uagb-ifb-imgicon-wrap\"><div class=\"uagb-ifb-icon-wrap\"><span class=\"uagb-ifb-icon\"><svg xmlns=\"http:\/\/www.w3.org\/2000\/svg\" viewBox=\"0 0 384 512\"><path d=\"M172.268 501.67C26.97 291.031 0 269.413 0 192 0 85.961 85.961 0 192 0s192 85.961 192 192c0 77.413-26.97 99.031-172.268 309.67-9.535 13.774-29.93 13.773-39.464 0zM192 272c44.183 0 80-35.817 80-80s-35.817-80-80-80-80 35.817-80 80 35.817 80 80 80z\"><\/path><\/svg><\/span><\/div><\/div><div class=\"uagb-ifb-title-wrap\"><h3 class=\"uagb-ifb-title\">Direcci\u00f3n<\/h3><\/div><div class=\"uagb-ifb-separator-parent\"><div class=\"uagb-ifb-separator\"><\/div><\/div><div class=\"uagb-ifb-text-wrap\"><p class=\"uagb-ifb-desc\">C. del Oro 46, Pol\u00edgono San Crist\u00f3bal 47012, Valladolid<\/p><\/div><\/div><\/div><\/div><\/div>\n<\/div><\/div>\n\n\n\n<div class=\"wp-block-uagb-column uagb-column__wrap uagb-column__background-undefined uagb-block-b59341e0\"><div class=\"uagb-column__overlay\"><\/div><div class=\"uagb-column__inner-wrap\">\n<div class=\"wp-block-uagb-info-box uagb-infobox__outer-wrap uagb-block-5ec44377\"><div class=\"uagb-infobox__content-wrap uagb-infobox uagb-infobox-has-icon uagb-infobox-icon-above-title uagb-infobox-image-valign-top uagb-infobox-enable-border-radius \"><div class=\"uagb-ifb-left-right-wrap\"><div class=\"uagb-ifb-content\"><div class=\"uagb-ifb-image-icon-content uagb-ifb-imgicon-wrap\"><div class=\"uagb-ifb-icon-wrap\"><span class=\"uagb-ifb-icon\"><svg xmlns=\"http:\/\/www.w3.org\/2000\/svg\" viewBox=\"0 0 384 512\"><path d=\"M97.333 506.966c-129.874-129.874-129.681-340.252 0-469.933 5.698-5.698 14.527-6.632 21.263-2.422l64.817 40.513a17.187 17.187 0 0 1 6.849 20.958l-32.408 81.021a17.188 17.188 0 0 1-17.669 10.719l-55.81-5.58c-21.051 58.261-20.612 122.471 0 179.515l55.811-5.581a17.188 17.188 0 0 1 17.669 10.719l32.408 81.022a17.188 17.188 0 0 1-6.849 20.958l-64.817 40.513a17.19 17.19 0 0 1-21.264-2.422zM247.126 95.473c11.832 20.047 11.832 45.008 0 65.055-3.95 6.693-13.108 7.959-18.718 2.581l-5.975-5.726c-3.911-3.748-4.793-9.622-2.261-14.41a32.063 32.063 0 0 0 0-29.945c-2.533-4.788-1.65-10.662 2.261-14.41l5.975-5.726c5.61-5.378 14.768-4.112 18.718 2.581zm91.787-91.187c60.14 71.604 60.092 175.882 0 247.428-4.474 5.327-12.53 5.746-17.552.933l-5.798-5.557c-4.56-4.371-4.977-11.529-.93-16.379 49.687-59.538 49.646-145.933 0-205.422-4.047-4.85-3.631-12.008.93-16.379l5.798-5.557c5.022-4.813 13.078-4.394 17.552.933zm-45.972 44.941c36.05 46.322 36.108 111.149 0 157.546-4.39 5.641-12.697 6.251-17.856 1.304l-5.818-5.579c-4.4-4.219-4.998-11.095-1.285-15.931 26.536-34.564 26.534-82.572 0-117.134-3.713-4.836-3.115-11.711 1.285-15.931l5.818-5.579c5.159-4.947 13.466-4.337 17.856 1.304z\"><\/path><\/svg><\/span><\/div><\/div><div class=\"uagb-ifb-title-wrap\"><h3 class=\"uagb-ifb-title\">Tel\u00e9fono<\/h3><\/div><div class=\"uagb-ifb-separator-parent\"><div class=\"uagb-ifb-separator\"><\/div><\/div><div class=\"uagb-ifb-text-wrap\"><p class=\"uagb-ifb-desc\">+34 983 347 317<\/p><\/div><\/div><\/div><\/div><\/div>\n<\/div><\/div>\n\n\n\n<div class=\"wp-block-uagb-column uagb-column__wrap uagb-column__background-undefined uagb-block-5e58bf05\"><div class=\"uagb-column__overlay\"><\/div><div class=\"uagb-column__inner-wrap\">\n<div class=\"wp-block-uagb-info-box uagb-infobox__outer-wrap uagb-block-77e8a1b6\"><div class=\"uagb-infobox__content-wrap uagb-infobox uagb-infobox-has-icon uagb-infobox-icon-above-title uagb-infobox-image-valign-top uagb-infobox-enable-border-radius \"><div class=\"uagb-ifb-left-right-wrap\"><div class=\"uagb-ifb-content\"><div class=\"uagb-ifb-image-icon-content uagb-ifb-imgicon-wrap\"><div class=\"uagb-ifb-icon-wrap\"><span class=\"uagb-ifb-icon\"><svg xmlns=\"http:\/\/www.w3.org\/2000\/svg\" viewBox=\"0 0 512 512\"><path d=\"M256 8C118.941 8 8 118.919 8 256c0 137.059 110.919 248 248 248 48.154 0 95.342-14.14 135.408-40.223 12.005-7.815 14.625-24.288 5.552-35.372l-10.177-12.433c-7.671-9.371-21.179-11.667-31.373-5.129C325.92 429.757 291.314 440 256 440c-101.458 0-184-82.542-184-184S154.542 72 256 72c100.139 0 184 57.619 184 160 0 38.786-21.093 79.742-58.17 83.693-17.349-.454-16.91-12.857-13.476-30.024l23.433-121.11C394.653 149.75 383.308 136 368.225 136h-44.981a13.518 13.518 0 0 0-13.432 11.993l-.01.092c-14.697-17.901-40.448-21.775-59.971-21.775-74.58 0-137.831 62.234-137.831 151.46 0 65.303 36.785 105.87 96 105.87 26.984 0 57.369-15.637 74.991-38.333 9.522 34.104 40.613 34.103 70.71 34.103C462.609 379.41 504 307.798 504 232 504 95.653 394.023 8 256 8zm-21.68 304.43c-22.249 0-36.07-15.623-36.07-40.771 0-44.993 30.779-72.729 58.63-72.729 22.292 0 35.601 15.241 35.601 40.77 0 45.061-33.875 72.73-58.161 72.73z\"><\/path><\/svg><\/span><\/div><\/div><div class=\"uagb-ifb-title-wrap\"><h3 class=\"uagb-ifb-title\">Email<\/h3><\/div><div class=\"uagb-ifb-separator-parent\"><div class=\"uagb-ifb-separator\"><\/div><\/div><div class=\"uagb-ifb-text-wrap\"><p class=\"uagb-ifb-desc\">service@conosurexclusivas.com<\/p><\/div><\/div><\/div><\/div><\/div>\n<\/div><\/div>\n<\/div><\/section>\n\n\n\n<p class=\"has-text-align-justify\">Si lo prefieres tambi\u00e9n puedes acceder a nuestra p\u00e1gina de <a href=\"https:\/\/www.conosurexclusivas.com\/index.php\/contacto\/\" class=\"ek-link\">Contacto<\/a> y rellenar un formulario para enviar tu consulta y nos pondremos en contacto contigo lo antes posible.<\/p>\n\n\n\n<div style=\"height:100px\" aria-hidden=\"true\" class=\"wp-block-spacer\"><\/div>\n\n\n<div class='white' style='background:rgba(0,0,0,0); border:solid 0px rgba(0,0,0,0); border-radius:0px; padding:0px 0px 0px 0px;'>\n<div id='slider_365' class='owl-carousel sa_owl_theme autohide-arrows' data-slider-id='slider_365' style='visibility:hidden;'>\n<div id='slider_365_slide01' class='sa_hover_container' style='padding:0% 0%; margin:0px 0%; background-image:url(&quot;https:\/\/www.conosurexclusivas.com\/wp-content\/uploads\/2022\/07\/V1.jpg&quot;); background-position:center center; background-size:100% auto; background-repeat:no-repeat; '><div class='sa_hover_fullslide'><a class='sa_slide_link_icon' href='https:\/\/www.firenzeartegiani.com\/index.php' target='_blank' title='' aria-label=''><\/a><\/div>\n<\/div>\n<div id='slider_365_slide02' class='sa_hover_container' style='padding:0% 0%; margin:0px 0%; background-image:url(&quot;https:\/\/www.conosurexclusivas.com\/wp-content\/uploads\/2022\/07\/V2.jpg&quot;); background-position:center center; background-size:100% auto; background-repeat:no-repeat; '><div class='sa_hover_fullslide'><a class='sa_slide_link_icon' href='https:\/\/www.firenzeartegiani.com\/index.php' target='_blank' title='' aria-label=''><\/a><\/div>\n<\/div>\n<div id='slider_365_slide03' class='sa_hover_container' style='padding:0% 0%; margin:0px 0%; background-image:url(&quot;https:\/\/www.conosurexclusivas.com\/wp-content\/uploads\/2022\/07\/V3.jpg&quot;); background-position:center center; background-size:100% auto; background-repeat:no-repeat; '><div class='sa_hover_fullslide'><a class='sa_slide_link_icon' href='https:\/\/www.firenzeartegiani.com\/index.php' target='_blank' title='' aria-label=''><\/a><\/div>\n<\/div>\n<div id='slider_365_slide04' class='sa_hover_container' style='padding:0% 0%; margin:0px 0%; background-image:url(&quot;https:\/\/www.conosurexclusivas.com\/wp-content\/uploads\/2022\/07\/V4.jpg&quot;); background-position:center center; background-size:100% auto; background-repeat:no-repeat; '><div class='sa_hover_fullslide'><a class='sa_slide_link_icon' href='https:\/\/www.firenzeartegiani.com\/index.php' target='_blank' title='' aria-label=''><\/a><\/div>\n<\/div>\n<\/div>\n<\/div>\n<script type='text\/javascript'>\n\tjQuery(document).ready(function() {\n\t\tjQuery('#slider_365').owlCarousel({\n\t\t\titems : 1,\n\t\t\tsmartSpeed : 200,\n\t\t\tautoplay : true,\n\t\t\tautoplayTimeout : 5000,\n\t\t\tautoplayHoverPause : true,\n\t\t\tsmartSpeed : 200,\n\t\t\tfluidSpeed : 200,\n\t\t\tautoplaySpeed : 200,\n\t\t\tnavSpeed : 200,\n\t\t\tdotsSpeed : 200,\n\t\t\tloop : true,\n\t\t\tnav : true,\n\t\t\tnavText : ['Previous','Next'],\n\t\t\tdots : false,\n\t\t\tresponsiveRefreshRate : 200,\n\t\t\tslideBy : 1,\n\t\t\tmergeFit : true,\n\t\t\tautoHeight : false,\n\t\t\tmouseDrag : false,\n\t\t\ttouchDrag : true\n\t\t});\n\t\tjQuery('#slider_365').css('visibility', 'visible');\n\t\tsa_resize_slider_365();\n\t\twindow.addEventListener('resize', sa_resize_slider_365);\n\t\tfunction sa_resize_slider_365() {\n\t\t\tvar min_height = '35';\n\t\t\tvar win_width = jQuery(window).width();\n\t\t\tvar slider_width = jQuery('#slider_365').width();\n\t\t\tif (win_width < 480) {\n\t\t\t\tvar slide_width = slider_width \/ 1;\n\t\t\t} else if (win_width < 768) {\n\t\t\t\tvar slide_width = slider_width \/ 1;\n\t\t\t} else if (win_width < 980) {\n\t\t\t\tvar slide_width = slider_width \/ 1;\n\t\t\t} else if (win_width < 1200) {\n\t\t\t\tvar slide_width = slider_width \/ 1;\n\t\t\t} else if (win_width < 1500) {\n\t\t\t\tvar slide_width = slider_width \/ 1;\n\t\t\t} else {\n\t\t\t\tvar slide_width = slider_width \/ 1;\n\t\t\t}\n\t\t\tslide_width = Math.round(slide_width);\n\t\t\tvar slide_height = '0';\n\t\t\tif (min_height == 'aspect43') {\n\t\t\t\tslide_height = (slide_width \/ 4) * 3;\t\t\t\tslide_height = Math.round(slide_height);\n\t\t\t} else if (min_height == 'aspect169') {\n\t\t\t\tslide_height = (slide_width \/ 16) * 9;\t\t\t\tslide_height = Math.round(slide_height);\n\t\t\t} else {\n\t\t\t\tslide_height = (slide_width \/ 100) * min_height;\t\t\t\tslide_height = Math.round(slide_height);\n\t\t\t}\n\t\t\tjQuery('#slider_365 .owl-item .sa_hover_container').css('min-height', slide_height+'px');\n\t\t}\n\t\tvar owl_goto = jQuery('#slider_365');\n\t\tjQuery('.slider_365_goto1').click(function(event){\n\t\t\towl_goto.trigger('to.owl.carousel', 0);\n\t\t});\n\t\tjQuery('.slider_365_goto2').click(function(event){\n\t\t\towl_goto.trigger('to.owl.carousel', 1);\n\t\t});\n\t\tjQuery('.slider_365_goto3').click(function(event){\n\t\t\towl_goto.trigger('to.owl.carousel', 2);\n\t\t});\n\t\tjQuery('.slider_365_goto4').click(function(event){\n\t\t\towl_goto.trigger('to.owl.carousel', 3);\n\t\t});\n\t\tvar resize_365 = jQuery('.owl-carousel');\n\t\tresize_365.on('initialized.owl.carousel', function(e) {\n\t\t\tif (typeof(Event) === 'function') {\n\t\t\t\twindow.dispatchEvent(new Event('resize'));\n\t\t\t} else {\n\t\t\t\tvar evt = window.document.createEvent('UIEvents');\n\t\t\t\tevt.initUIEvent('resize', true, false, window, 0);\n\t\t\t\twindow.dispatchEvent(evt);\n\t\t\t}\n\t\t});\n\t});\n<\/script>\n\n","protected":false},"excerpt":{"rendered":"<p>Qui\u00e9nes somos CONO SUR EXCLUSIVAS S.L. somos una empresa creada en 2005 con el af\u00e1n de dar un servicio preferente a nuestros clientes, fabricando productos exclusivos y de alta calidad a unos precios asequibles.&nbsp; Somos un equipo de gente apasionada cuya meta es mejorar la vida de cada uno a trav\u00e9s de productos disruptivos. Construimos&#8230;<\/p>\n","protected":false},"author":1,"featured_media":0,"parent":0,"menu_order":0,"comment_status":"closed","ping_status":"closed","template":"","meta":{"_editorskit_title_hidden":false,"_editorskit_reading_time":1,"_editorskit_is_block_options_detached":false,"_editorskit_block_options_position":"{}","_kad_post_transparent":"","_kad_post_title":"","_kad_post_layout":"","_kad_post_sidebar_id":"","_kad_post_content_style":"","_kad_post_vertical_padding":"","_kad_post_feature":"","_kad_post_feature_position":"","_kad_post_header":false,"_kad_post_footer":false},"yoast_head":"<!-- This site is optimized with the Yoast SEO plugin v19.7.1 - https:\/\/yoast.com\/wordpress\/plugins\/seo\/ -->\n<title>BIENVENIDO A CONO SUR EXCLUSIVAS - CONO SUR EXCLUSIVAS<\/title>\n<meta name=\"robots\" content=\"index, follow, max-snippet:-1, max-image-preview:large, max-video-preview:-1\" \/>\n<link rel=\"canonical\" href=\"https:\/\/www.conosurexclusivas.com\/\" \/>\n<meta property=\"og:locale\" content=\"es_ES\" \/>\n<meta property=\"og:type\" content=\"article\" \/>\n<meta property=\"og:title\" content=\"BIENVENIDO A CONO SUR EXCLUSIVAS - CONO SUR EXCLUSIVAS\" \/>\n<meta property=\"og:description\" content=\"Qui\u00e9nes somos CONO SUR EXCLUSIVAS S.L. somos una empresa creada en 2005 con el af\u00e1n de dar un servicio preferente a nuestros clientes, fabricando productos exclusivos y de alta calidad a unos precios asequibles.&nbsp; Somos un equipo de gente apasionada cuya meta es mejorar la vida de cada uno a trav\u00e9s de productos disruptivos. Construimos...\" \/>\n<meta property=\"og:url\" content=\"https:\/\/www.conosurexclusivas.com\/\" \/>\n<meta property=\"og:site_name\" content=\"CONO SUR EXCLUSIVAS\" \/>\n<meta property=\"article:modified_time\" content=\"2022-07-12T12:50:56+00:00\" \/>\n<meta name=\"twitter:card\" content=\"summary_large_image\" \/>\n<meta name=\"twitter:label1\" content=\"Tiempo de lectura\" \/>\n\t<meta name=\"twitter:data1\" content=\"2 minutos\" \/>\n<script type=\"application\/ld+json\" class=\"yoast-schema-graph\">{\"@context\":\"https:\/\/schema.org\",\"@graph\":[{\"@type\":\"WebPage\",\"@id\":\"https:\/\/www.conosurexclusivas.com\/\",\"url\":\"https:\/\/www.conosurexclusivas.com\/\",\"name\":\"BIENVENIDO A CONO SUR EXCLUSIVAS - CONO SUR EXCLUSIVAS\",\"isPartOf\":{\"@id\":\"https:\/\/www.conosurexclusivas.com\/#website\"},\"datePublished\":\"2022-06-23T08:28:54+00:00\",\"dateModified\":\"2022-07-12T12:50:56+00:00\",\"breadcrumb\":{\"@id\":\"https:\/\/www.conosurexclusivas.com\/#breadcrumb\"},\"inLanguage\":\"es\",\"potentialAction\":[{\"@type\":\"ReadAction\",\"target\":[\"https:\/\/www.conosurexclusivas.com\/\"]}]},{\"@type\":\"BreadcrumbList\",\"@id\":\"https:\/\/www.conosurexclusivas.com\/#breadcrumb\",\"itemListElement\":[{\"@type\":\"ListItem\",\"position\":1,\"name\":\"Home\",\"item\":\"https:\/\/www.conosurexclusivas.com\/\"},{\"@type\":\"ListItem\",\"position\":2,\"name\":\"BIENVENIDO A CONO SUR EXCLUSIVAS\"}]},{\"@type\":\"WebSite\",\"@id\":\"https:\/\/www.conosurexclusivas.com\/#website\",\"url\":\"https:\/\/www.conosurexclusivas.com\/\",\"name\":\"CONO SUR EXCLUSIVAS\",\"description\":\"Empresa creada en 2005 con el af\u00e1n de dar un servicio preferente a nuestros clientes, fabricando productos exclusivos y de alta calidad a unos precios asequibles.\",\"publisher\":{\"@id\":\"https:\/\/www.conosurexclusivas.com\/#organization\"},\"potentialAction\":[{\"@type\":\"SearchAction\",\"target\":{\"@type\":\"EntryPoint\",\"urlTemplate\":\"https:\/\/www.conosurexclusivas.com\/?s={search_term_string}\"},\"query-input\":\"required name=search_term_string\"}],\"inLanguage\":\"es\"},{\"@type\":\"Organization\",\"@id\":\"https:\/\/www.conosurexclusivas.com\/#organization\",\"name\":\"CONO SUR EXCLUSIVAS\",\"url\":\"https:\/\/www.conosurexclusivas.com\/\",\"sameAs\":[],\"logo\":{\"@type\":\"ImageObject\",\"inLanguage\":\"es\",\"@id\":\"https:\/\/www.conosurexclusivas.com\/#\/schema\/logo\/image\/\",\"url\":\"https:\/\/www.conosurexclusivas.com\/wp-content\/uploads\/2022\/06\/cropped-logo.png\",\"contentUrl\":\"https:\/\/www.conosurexclusivas.com\/wp-content\/uploads\/2022\/06\/cropped-logo.png\",\"width\":623,\"height\":175,\"caption\":\"CONO SUR EXCLUSIVAS\"},\"image\":{\"@id\":\"https:\/\/www.conosurexclusivas.com\/#\/schema\/logo\/image\/\"}}]}<\/script>\n<!-- \/ Yoast SEO plugin. -->","yoast_head_json":{"title":"BIENVENIDO A CONO SUR EXCLUSIVAS - CONO SUR EXCLUSIVAS","robots":{"index":"index","follow":"follow","max-snippet":"max-snippet:-1","max-image-preview":"max-image-preview:large","max-video-preview":"max-video-preview:-1"},"canonical":"https:\/\/www.conosurexclusivas.com\/","og_locale":"es_ES","og_type":"article","og_title":"BIENVENIDO A CONO SUR EXCLUSIVAS - CONO SUR EXCLUSIVAS","og_description":"Qui\u00e9nes somos CONO SUR EXCLUSIVAS S.L. somos una empresa creada en 2005 con el af\u00e1n de dar un servicio preferente a nuestros clientes, fabricando productos exclusivos y de alta calidad a unos precios asequibles.&nbsp; Somos un equipo de gente apasionada cuya meta es mejorar la vida de cada uno a trav\u00e9s de productos disruptivos. Construimos...","og_url":"https:\/\/www.conosurexclusivas.com\/","og_site_name":"CONO SUR EXCLUSIVAS","article_modified_time":"2022-07-12T12:50:56+00:00","twitter_card":"summary_large_image","twitter_misc":{"Tiempo de lectura":"2 minutos"},"schema":{"@context":"https:\/\/schema.org","@graph":[{"@type":"WebPage","@id":"https:\/\/www.conosurexclusivas.com\/","url":"https:\/\/www.conosurexclusivas.com\/","name":"BIENVENIDO A CONO SUR EXCLUSIVAS - CONO SUR EXCLUSIVAS","isPartOf":{"@id":"https:\/\/www.conosurexclusivas.com\/#website"},"datePublished":"2022-06-23T08:28:54+00:00","dateModified":"2022-07-12T12:50:56+00:00","breadcrumb":{"@id":"https:\/\/www.conosurexclusivas.com\/#breadcrumb"},"inLanguage":"es","potentialAction":[{"@type":"ReadAction","target":["https:\/\/www.conosurexclusivas.com\/"]}]},{"@type":"BreadcrumbList","@id":"https:\/\/www.conosurexclusivas.com\/#breadcrumb","itemListElement":[{"@type":"ListItem","position":1,"name":"Home","item":"https:\/\/www.conosurexclusivas.com\/"},{"@type":"ListItem","position":2,"name":"BIENVENIDO A CONO SUR EXCLUSIVAS"}]},{"@type":"WebSite","@id":"https:\/\/www.conosurexclusivas.com\/#website","url":"https:\/\/www.conosurexclusivas.com\/","name":"CONO SUR EXCLUSIVAS","description":"Empresa creada en 2005 con el af\u00e1n de dar un servicio preferente a nuestros clientes, fabricando productos exclusivos y de alta calidad a unos precios asequibles.","publisher":{"@id":"https:\/\/www.conosurexclusivas.com\/#organization"},"potentialAction":[{"@type":"SearchAction","target":{"@type":"EntryPoint","urlTemplate":"https:\/\/www.conosurexclusivas.com\/?s={search_term_string}"},"query-input":"required name=search_term_string"}],"inLanguage":"es"},{"@type":"Organization","@id":"https:\/\/www.conosurexclusivas.com\/#organization","name":"CONO SUR EXCLUSIVAS","url":"https:\/\/www.conosurexclusivas.com\/","sameAs":[],"logo":{"@type":"ImageObject","inLanguage":"es","@id":"https:\/\/www.conosurexclusivas.com\/#\/schema\/logo\/image\/","url":"https:\/\/www.conosurexclusivas.com\/wp-content\/uploads\/2022\/06\/cropped-logo.png","contentUrl":"https:\/\/www.conosurexclusivas.com\/wp-content\/uploads\/2022\/06\/cropped-logo.png","width":623,"height":175,"caption":"CONO SUR EXCLUSIVAS"},"image":{"@id":"https:\/\/www.conosurexclusivas.com\/#\/schema\/logo\/image\/"}}]}},"uagb_featured_image_src":{"full":false,"thumbnail":false,"medium":false,"medium_large":false,"large":false,"1536x1536":false,"2048x2048":false},"uagb_author_info":{"display_name":"admin","author_link":"https:\/\/www.conosurexclusivas.com\/index.php\/author\/conosur\/"},"uagb_comment_info":0,"uagb_excerpt":"Qui\u00e9nes somos CONO SUR EXCLUSIVAS S.L. somos una empresa creada en 2005 con el af\u00e1n de dar un servicio preferente a nuestros clientes, fabricando productos exclusivos y de alta calidad a unos precios asequibles.&nbsp; Somos un equipo de gente apasionada cuya meta es mejorar la vida de cada uno a trav\u00e9s de productos disruptivos. Construimos...","_links":{"self":[{"href":"https:\/\/www.conosurexclusivas.com\/index.php\/wp-json\/wp\/v2\/pages\/41"}],"collection":[{"href":"https:\/\/www.conosurexclusivas.com\/index.php\/wp-json\/wp\/v2\/pages"}],"about":[{"href":"https:\/\/www.conosurexclusivas.com\/index.php\/wp-json\/wp\/v2\/types\/page"}],"author":[{"embeddable":true,"href":"https:\/\/www.conosurexclusivas.com\/index.php\/wp-json\/wp\/v2\/users\/1"}],"replies":[{"embeddable":true,"href":"https:\/\/www.conosurexclusivas.com\/index.php\/wp-json\/wp\/v2\/comments?post=41"}],"version-history":[{"count":27,"href":"https:\/\/www.conosurexclusivas.com\/index.php\/wp-json\/wp\/v2\/pages\/41\/revisions"}],"predecessor-version":[{"id":412,"href":"https:\/\/www.conosurexclusivas.com\/index.php\/wp-json\/wp\/v2\/pages\/41\/revisions\/412"}],"wp:attachment":[{"href":"https:\/\/www.conosurexclusivas.com\/index.php\/wp-json\/wp\/v2\/media?parent=41"}],"curies":[{"name":"wp","href":"https:\/\/api.w.org\/{rel}","templated":true}]}}